{"id":1623,"date":"2023-09-02T18:42:35","date_gmt":"2023-09-02T18:42:35","guid":{"rendered":"https:\/\/demo.bravisthemes.com\/patholab\/?page_id=1623"},"modified":"2026-01-09T20:01:02","modified_gmt":"2026-01-10T01:01:02","slug":"frequently-asked-question","status":"publish","type":"page","link":"https:\/\/pharmaexpertsolutions.com\/fr\/frequently-asked-question\/","title":{"rendered":"Frequently Asked Question"},"content":{"rendered":"<div data-elementor-type=\"wp-page\" data-elementor-id=\"1623\" class=\"elementor elementor-1623\">\n\t\t\t\t        <section class=\"elementor-section elementor-top-section elementor-element elementor-element-def10fd elementor-section-boxed elementor-section-height-default elementor-section-height-default pxl-type-header-none pxl-row-scroll-none\" data-id=\"def10fd\" data-element_type=\"section\" data-e-type=\"section\">\n\n                \n                <div class=\"elementor-container elementor-column-gap-extended\">\n                <div class=\"elementor-column elementor-col-66 elementor-top-column elementor-element elementor-element-bb87f0a pxl-column-element-default pxl-column-none\" data-id=\"bb87f0a\" data-element_type=\"column\" data-e-type=\"column\">\r\n        <div class=\"elementor-widget-wrap elementor-element-populated\">\r\n                     \r\n        \t\t<div class=\"elementor-element elementor-element-988a0ab elementor-widget elementor-widget-pxl_heading\" data-id=\"988a0ab\" data-element_type=\"widget\" data-e-type=\"widget\" data-widget_type=\"pxl_heading.default\">\n\t\t\t\t<div class=\"elementor-widget-container\">\n\t\t\t\t\t<div class=\"pxl-heading\">\n\t<div class=\"pxl-heading--inner\">\n\t\t\t\t<h3 class=\"pxl-item--title\" data-wow-delay=\"ms\">\n\t\t\t\t\t\t\t\t<span class=\"pxl-item--text\">\n\t\t\t            <span class=\"pxl-text--slide\"><span class=\"wow letter\">FAQs<\/span><\/span>\t\t\t        <\/span>\n\t\t\t\t\t\t\n\t\t<\/h3>\n\t\t\t\t\t<svg width=\"33\" height=\"7\" viewbox=\"0 0 33 7\" fill=\"none\">\n\t\t\t\t<path d=\"M33 1.71875C29.7 1.71875 29.7 5.71875 26.402 5.71875C23.1 5.71875 23.1 1.71875 19.8 1.71875C16.5 1.71875 16.5 5.71875 13.201 5.71875C9.901 5.71875 9.901 1.71875 6.601 1.71875C3.301 1.71875 3.303 5.71875 0 5.71875\" stroke=\"url(#paint0_linear_911_44929-pxl_heading-988a0ab-6484\" stroke-width=\"2\"\/>\n\t\t\t\t<defs>\n\t\t\t\t<lineargradient id=\"paint0_linear_911_44929-pxl_heading-988a0ab-6484\" x1=\"6.14673e-08\" y1=\"3.71875\" x2=\"33\" y2=\"3.71875\" gradientunits=\"userSpaceOnUse\">\n\t\t\t\t<stop stop-color=\"#24B7D3\"\/>\n\t\t\t\t<stop offset=\"1\" stop-color=\"#30EFAD\"\/>\n\t\t\t\t<\/lineargradient>\n\t\t\t\t<\/defs>\n\t\t\t<\/svg>\n\t\t\t<\/div>\n<\/div>\t\t\t\t<\/div>\n\t\t\t\t<\/div>\n\t\t        <section class=\"elementor-section elementor-inner-section elementor-element elementor-element-8b51b3a elementor-section-boxed elementor-section-height-default elementor-section-height-default pxl-type-header-none pxl-row-scroll-none\" data-id=\"8b51b3a\" data-element_type=\"section\" data-e-type=\"section\">\n\n                \n                <div class=\"elementor-container elementor-column-gap-no\">\n                <div class=\"elementor-column elementor-col-100 elementor-inner-column elementor-element elementor-element-8f3d3df pxl-column-element-default pxl-column-none\" data-id=\"8f3d3df\" data-element_type=\"column\" data-e-type=\"column\">\r\n        <div class=\"elementor-widget-wrap elementor-element-populated\">\r\n                     \r\n        \t\t<div class=\"elementor-element elementor-element-553264a elementor-widget elementor-widget-pxl_accordion\" data-id=\"553264a\" data-element_type=\"widget\" data-e-type=\"widget\" data-widget_type=\"pxl_accordion.default\">\n\t\t\t\t<div class=\"elementor-widget-container\">\n\t\t\t\t\t    <div class=\"pxl-accordion pxl-accordion1 wow skewIn\" data-wow-delay=\"ms\">\n                    <div class=\"pxl--item active\">\n                <h3 class=\"pxl-item--title\" data-target=\"#pxl_accordion-553264a-4142-a3d5ec2\">\n                    <span class=\"pxl-title--text\">Dans quoi Pharma Expert Solutions se sp\u00e9cialise-t-elle\u202f?<\/span>\n                    <i class=\"icofont icofont-plus\"><\/i>\n                <\/h3>\n                <div id=\"pxl_accordion-553264a-4142-a3d5ec2\" class=\"pxl-item--content\" style=\"display: block;\"><p>Pharma Expert Solutions se sp\u00e9cialise dans <strong data-start=\"258\" data-end=\"322\">les affaires r\u00e9glementaires, l\u2019assurance qualit\u00e9 et la pharmacovigilance.<\/strong> Nous fournissons des services d\u2019accompagnement aux entreprises pharmaceutiques, biotechnologiques et de dispositifs m\u00e9dicaux tout au long du cycle de vie du produit, du d\u00e9veloppement \u00e0 la conformit\u00e9 post-commercialisation.<\/p><\/div>\n            <\/div>\n                    <div class=\"pxl--item\">\n                <h3 class=\"pxl-item--title\" data-target=\"#pxl_accordion-553264a-4142-29b3411\">\n                    <span class=\"pxl-title--text\">Avec quel type d\u2019entreprises travaillez-vous\u202f?<\/span>\n                    <i class=\"icofont icofont-plus\"><\/i>\n                <\/h3>\n                <div id=\"pxl_accordion-553264a-4142-29b3411\" class=\"pxl-item--content\" ><p>Nous travaillons avec <strong data-start=\"559\" data-end=\"622\">des entreprises pharmaceutiques, biotechnologiques et de dispositifs m\u00e9dicaux<\/strong> de toutes tailles, des startups \u00e9mergentes aux organisations internationales \u00e9tablies, en les aidant \u00e0 r\u00e9pondre aux exigences r\u00e9glementaires et de conformit\u00e9 dans le monde entier.<\/p><\/div>\n            <\/div>\n                    <div class=\"pxl--item\">\n                <h3 class=\"pxl-item--title\" data-target=\"#pxl_accordion-553264a-4142-704b42e\">\n                    <span class=\"pxl-title--text\">Comment Pharma Expert Solutions accompagne-t-elle la conformit\u00e9 r\u00e9glementaire\u202f?<\/span>\n                    <i class=\"icofont icofont-plus\"><\/i>\n                <\/h3>\n                <div id=\"pxl_accordion-553264a-4142-704b42e\" class=\"pxl-item--content\" ><p>Nos experts fournissent <strong data-start=\"875\" data-end=\"909\">des strat\u00e9gies r\u00e9glementaires personnalis\u00e9es<\/strong>, la pr\u00e9paration de dossiers, les soumissions aux autorit\u00e9s et un support continu en mati\u00e8re de conformit\u00e9, afin d\u2019aider les clients \u00e0 naviguer avec confiance dans des r\u00e9glementations nationales et internationales complexes et en constante \u00e9volution.<\/p><\/div>\n            <\/div>\n            <\/div>\n\t\t\t\t<\/div>\n\t\t\t\t<\/div>\n\t\t\t\t<div class=\"elementor-element elementor-element-022bd1f elementor-widget elementor-widget-spacer\" data-id=\"022bd1f\" data-element_type=\"widget\" data-e-type=\"widget\" data-widget_type=\"spacer.default\">\n\t\t\t\t\t\t\t<div class=\"elementor-spacer\">\n\t\t\t<div class=\"elementor-spacer-inner\"><\/div>\n\t\t<\/div>\n\t\t\t\t\t\t<\/div>\n\t\t\t\t<div class=\"elementor-element elementor-element-fcc229e elementor-widget elementor-widget-pxl_accordion\" data-id=\"fcc229e\" data-element_type=\"widget\" data-e-type=\"widget\" data-widget_type=\"pxl_accordion.default\">\n\t\t\t\t<div class=\"elementor-widget-container\">\n\t\t\t\t\t    <div class=\"pxl-accordion pxl-accordion1 wow skewIn\" data-wow-delay=\"ms\">\n                    <div class=\"pxl--item\">\n                <h3 class=\"pxl-item--title\" data-target=\"#pxl_accordion-fcc229e-9781-a3d5ec2\">\n                    <span class=\"pxl-title--text\">Quels services de pharmacovigilance proposez-vous\u202f?<\/span>\n                    <i class=\"icofont icofont-plus\"><\/i>\n                <\/h3>\n                <div id=\"pxl_accordion-fcc229e-9781-a3d5ec2\" class=\"pxl-item--content\" ><p>Nous offrons <strong data-start=\"1164\" data-end=\"1208\">une gamme compl\u00e8te de services de pharmacovigilance<\/strong>, y compris la surveillance de la s\u00e9curit\u00e9, la gestion des cas, la d\u00e9tection de signaux, les plans de gestion des risques et la surveillance post-commercialisation, afin de garantir la s\u00e9curit\u00e9 des patients et la conformit\u00e9 r\u00e9glementaire.<\/p><\/div>\n            <\/div>\n                    <div class=\"pxl--item\">\n                <h3 class=\"pxl-item--title\" data-target=\"#pxl_accordion-fcc229e-9781-29b3411\">\n                    <span class=\"pxl-title--text\">Qu\u2019est-ce qui distingue Pharma Expert Solutions des autres cabinets de conseil\u202f?<\/span>\n                    <i class=\"icofont icofont-plus\"><\/i>\n                <\/h3>\n                <div id=\"pxl_accordion-fcc229e-9781-29b3411\" class=\"pxl-item--content\" ><p>Notre force r\u00e9side dans notre <strong data-start=\"1499\" data-end=\"1526\">nos 15 ann\u00e9es d\u2019exp\u00e9rience<\/strong>, notre \u00e9quipe d\u2019experts hautement qualifi\u00e9s, notre approche personnalis\u00e9e et notre compr\u00e9hension approfondie des environnements r\u00e9glementaires mondiaux. Nous nous concentrons sur l\u2019\u00e9tablissement de partenariats \u00e0 long terme bas\u00e9s sur la confiance, la qualit\u00e9 et les r\u00e9sultats.<\/p><\/div>\n            <\/div>\n                    <div class=\"pxl--item\">\n                <h3 class=\"pxl-item--title\" data-target=\"#pxl_accordion-fcc229e-9781-704b42e\">\n                    <span class=\"pxl-title--text\">Quelle est votre mission en tant qu\u2019entreprise\u202f?<\/span>\n                    <i class=\"icofont icofont-plus\"><\/i>\n                <\/h3>\n                <div id=\"pxl_accordion-fcc229e-9781-704b42e\" class=\"pxl-item--content\" ><p>Notre mission est d\u2019aider les acteurs de l\u2019industrie de la sant\u00e9 <strong data-start=\"1831\" data-end=\"1873\">\u00e0 surmonter des d\u00e9fis r\u00e9glementaires complexes<\/strong>, \u00e0 garantir la <strong data-start=\"1886\" data-end=\"1926\">s\u00e9curit\u00e9 et la qualit\u00e9 de leurs produits<\/strong>, et \u00e0 maintenir une conformit\u00e9 totale tout en favorisant la croissance durable et l\u2019innovation.<\/p><\/div>\n            <\/div>\n            <\/div>\n\t\t\t\t<\/div>\n\t\t\t\t<\/div>\n\t\t            <\/div>\r\n        <\/div>\r\n        \t\t\t<\/div>\n\t\t<\/section>\n\t\t            <\/div>\r\n        <\/div>\r\n                <div class=\"elementor-column elementor-col-33 elementor-top-column elementor-element elementor-element-f580566 pxl-column-sticky pxl-column-element-default\" data-id=\"f580566\" data-element_type=\"column\" data-e-type=\"column\">\r\n        <div class=\"elementor-widget-wrap elementor-element-populated\">\r\n                     \r\n        \t\t<div class=\"elementor-element elementor-element-f387bd8 elementor-widget elementor-widget-pxl_contact_info\" data-id=\"f387bd8\" data-element_type=\"widget\" data-e-type=\"widget\" data-widget_type=\"pxl_contact_info.default\">\n\t\t\t\t<div class=\"elementor-widget-container\">\n\t\t\t\t\t<div class=\"pxl-contact-info wow skewIn\" data-wow-delay=\"200ms\">\n        <div class=\"inner-box\">\n        <div class=\"pxl-box-adress\">\n                            <div class=\"pxl-title pxl-adress-title\">\n                    Notre Adresse                <\/div>\n                                        <div class=\"pxl-adress-content\">\n                    <i class=\"caseicon caseicon-map\"><\/i>\n                                            6657, Rue Charles-Daudelin Laval (Qu\u00e9bec) H7L 6G4                                    <\/div>\n                    <\/div>\n                    <div class=\"pxl-box-row\">\n                <div class=\"pxl-title pxl-row-title\">\n                    Informations de contact                <\/div>\n                <ul class=\"pxl-list-row\">\n                                                <li>\n                                <a href=\"mailto:Patholab@servicecare.com\">\n                                    <i aria-hidden=\"true\" class=\"fal fa-envelope\"><\/i>                                    <span> info@pharmaexpertsolutions.com<\/span>\n                                <\/a>\n                            <\/li>\n                                                <li>\n                                <a href=\"tel:(514) 941-8811\">\n                                    <i aria-hidden=\"true\" class=\"icomoon icomoon-patholab-phone3\"><\/i>                                    <span>(514) 941-8811<\/span>\n                                <\/a>\n                            <\/li>\n                                    <\/ul>\n            <\/div>\n                            <div class=\"pxl-box-time\">\n                <div class=\"pxl-icon-time\">\n                    <i class=\"caseicon caseicon-time\"><\/i>\n                <\/div>\n                <div class=\"pxl-time-body\">\n                                            <div class=\"pxl-title pxl-time-title\">\n                            Heures d'ouverture                        <\/div>\n                                                                <div class=\"pxl-time-content\">\n                            Lun - Ven 9h00 - 18h00\n<cite>Samedi et dimanche - Ferm\u00e9<\/cite>                        <\/div>\n                                    <\/div>\n            <\/div>\n            <\/div>\n<\/div>\n\t\t\t\t<\/div>\n\t\t\t\t<\/div>\n\t\t\t\t<div class=\"elementor-element elementor-element-580df0f elementor-widget elementor-widget-pxl_contact_box\" data-id=\"580df0f\" data-element_type=\"widget\" data-e-type=\"widget\" data-widget_type=\"pxl_contact_box.default\">\n\t\t\t\t<div class=\"elementor-widget-container\">\n\t\t\t\t\t\n<div class=\"pxl-contact-box2\" data-wow-delay=\"ms\">\n    <div class=\"pxl-item--inner\">\n                                    <div class=\"pxl-item--bg  bg-image\" style=\"background-image:url(https:\/\/pharmaexpertsolutions.com\/wp-content\/uploads\/2025\/08\/side-banner.png);\"><\/div>\n                            <div class=\"pxl-item--description wow fadeInUp el-empty\">Obtenez des solutions expertes en affaires r\u00e9glementaires et en qualit\u00e9 sur lesquelles vous pouvez compter.<\/div>\n        <div class=\"pxl-phone-box wow fadeInUp\">\n                                        <div class=\"pxl-item--icon\">\n                    <div class=\"inner-icon\">\n                        <img decoding=\"async\" src=\"https:\/\/pharmaexpertsolutions.com\/wp-content\/uploads\/2023\/09\/phone-icon.png\" class=\"attachment-full\" alt=\"\" \/>                    <\/div>\n                <\/div>\n                        <div class=\"phone-meta\">\n                                    <label class=\"pxl-item--text pxl-item--label wow fadeInUp\">\n                        Besoin d\u2019aide\u202f? Appelez-nous                    <\/label>\n                                                    <div class=\"pxl-item--number\">\n                        <a href=\"tel:234567899\">                            (514) 941-8811                        <\/a>                    <\/div>\n                            <\/div>\n        <\/div>\n    <\/div>\n<\/div>\t\t\t\t<\/div>\n\t\t\t\t<\/div>\n\t\t            <\/div>\r\n        <\/div>\r\n        \t\t\t<\/div>\n\t\t<\/section>\n\t\t\t\t<\/div>","protected":false},"excerpt":{"rendered":"<p>FAQs What does Pharma Expert Solutions specialize in? Pharma Expert Solutions specializes in regulatory affairs, quality assurance, and pharmacovigilance services. We support pharmaceutical, biotechnology, and medical device companies throughout the product lifecycle, from development to post-marketing compliance. What types of companies do you work with? We work with pharmaceutical, biotechnology, and medical device companies of [&hellip;]<\/p>\n","protected":false},"author":1,"featured_media":0,"parent":0,"menu_order":0,"comment_status":"closed","ping_status":"closed","template":"","meta":{"footnotes":""},"class_list":["post-1623","page","type-page","status-publish","hentry"],"_links":{"self":[{"href":"https:\/\/pharmaexpertsolutions.com\/fr\/wp-json\/wp\/v2\/pages\/1623","targetHints":{"allow":["GET"]}}],"collection":[{"href":"https:\/\/pharmaexpertsolutions.com\/fr\/wp-json\/wp\/v2\/pages"}],"about":[{"href":"https:\/\/pharmaexpertsolutions.com\/fr\/wp-json\/wp\/v2\/types\/page"}],"author":[{"embeddable":true,"href":"https:\/\/pharmaexpertsolutions.com\/fr\/wp-json\/wp\/v2\/users\/1"}],"replies":[{"embeddable":true,"href":"https:\/\/pharmaexpertsolutions.com\/fr\/wp-json\/wp\/v2\/comments?post=1623"}],"version-history":[{"count":5,"href":"https:\/\/pharmaexpertsolutions.com\/fr\/wp-json\/wp\/v2\/pages\/1623\/revisions"}],"predecessor-version":[{"id":12490,"href":"https:\/\/pharmaexpertsolutions.com\/fr\/wp-json\/wp\/v2\/pages\/1623\/revisions\/12490"}],"wp:attachment":[{"href":"https:\/\/pharmaexpertsolutions.com\/fr\/wp-json\/wp\/v2\/media?parent=1623"}],"curies":[{"name":"wp","href":"https:\/\/api.w.org\/{rel}","templated":true}]}}